{"id":3146,"date":"2023-01-27T00:33:23","date_gmt":"2023-01-26T23:33:23","guid":{"rendered":"http:\/\/lemarche.guide\/aggiungi-inserzione-inserzione\/"},"modified":"2024-07-10T15:01:56","modified_gmt":"2024-07-10T13:01:56","slug":"aggiungi-inserzione-inserzione","status":"publish","type":"page","link":"https:\/\/lemarche.guide\/it\/aggiungi-inserzione-inserzione\/","title":{"rendered":"Aggiungere l&#8217;ELENCO"},"content":{"rendered":"\t\t<div data-elementor-type=\"wp-page\" data-elementor-id=\"3146\" class=\"elementor elementor-3146 elementor-1949\" data-elementor-post-type=\"page\">\n\t\t\t\t<div class=\"elementor-element elementor-element-7b176ecc e-flex e-con-boxed e-con e-parent\" data-id=\"7b176ecc\" data-element_type=\"container\" data-e-type=\"container\">\n\t\t\t\t\t<div class=\"e-con-inner\">\n\t\t\t\t<div class=\"elementor-element elementor-element-23624ba6 elementor-widget elementor-widget-heading\" data-id=\"23624ba6\" data-element_type=\"widget\" data-e-type=\"widget\" data-widget_type=\"heading.default\">\n\t\t\t\t<div class=\"elementor-widget-container\">\n\t\t\t\t\t<h2 class=\"elementor-heading-title elementor-size-default\">Aggiungere un nuovo elenco o luogo<\/h2>\t\t\t\t<\/div>\n\t\t\t\t<\/div>\n\t\t\t\t\t<\/div>\n\t\t\t\t<\/div>\n\t\t<div class=\"elementor-element elementor-element-cea65a7 e-flex e-con-boxed e-con e-parent\" data-id=\"cea65a7\" data-element_type=\"container\" data-e-type=\"container\">\n\t\t\t\t\t<div class=\"e-con-inner\">\n\t\t<div class=\"elementor-element elementor-element-9881257 e-flex e-con-boxed e-con e-child\" data-id=\"9881257\" data-element_type=\"container\" data-e-type=\"container\" data-settings=\"{&quot;background_background&quot;:&quot;classic&quot;}\">\n\t\t\t\t\t<div class=\"e-con-inner\">\n\t\t<div class=\"elementor-element elementor-element-833f31e e-flex e-con-boxed e-con e-child\" data-id=\"833f31e\" data-element_type=\"container\" data-e-type=\"container\">\n\t\t\t\t\t<div class=\"e-con-inner\">\n\t\t\t\t<div class=\"elementor-element elementor-element-60d866f elementor-widget elementor-widget-text-editor\" data-id=\"60d866f\" data-element_type=\"widget\" data-e-type=\"widget\" data-widget_type=\"text-editor.default\">\n\t\t\t\t<div class=\"elementor-widget-container\">\n\t\t\t\t\t\t\t\t\t<p>Gli <strong>elenchi<\/strong> sono utilizzati per:<br \/>negozi, ristoranti, bar, organizzazioni, servizi e altro ancora. Le inserzioni hanno per lo pi\u00f9 un proprietario e hanno 1 o pi\u00f9 indirizzi su un luogo fisico che \u00e8 possibile visitare.<\/p>\n\t\t\t\t\t\t\t\t<\/div>\n\t\t\t\t<\/div>\n\t\t\t\t<div class=\"elementor-element elementor-element-b4f06d1 elementor-align-center elementor-widget elementor-widget-button\" data-id=\"b4f06d1\" data-element_type=\"widget\" data-e-type=\"widget\" data-widget_type=\"button.default\">\n\t\t\t\t<div class=\"elementor-widget-container\">\n\t\t\t\t\t\t\t\t\t<div class=\"elementor-button-wrapper\">\n\t\t\t\t\t<a class=\"elementor-button elementor-button-link elementor-size-sm\" href=\"https:\/\/lemarche.guide\/it\/aggiungi-inserzione-inserzione\/\">\n\t\t\t\t\t\t<span class=\"elementor-button-content-wrapper\">\n\t\t\t\t\t\t\t\t\t<span class=\"elementor-button-text\">AGGIUNGI L'ELENCO<\/span>\n\t\t\t\t\t<\/span>\n\t\t\t\t\t<\/a>\n\t\t\t\t<\/div>\n\t\t\t\t\t\t\t\t<\/div>\n\t\t\t\t<\/div>\n\t\t\t\t\t<\/div>\n\t\t\t\t<\/div>\n\t\t<div class=\"elementor-element elementor-element-836a9d2 e-flex e-con-boxed e-con e-child\" data-id=\"836a9d2\" data-element_type=\"container\" data-e-type=\"container\">\n\t\t\t\t\t<div class=\"e-con-inner\">\n\t\t\t\t<div class=\"elementor-element elementor-element-853c30e elementor-widget elementor-widget-text-editor\" data-id=\"853c30e\" data-element_type=\"widget\" data-e-type=\"widget\" data-widget_type=\"text-editor.default\">\n\t\t\t\t<div class=\"elementor-widget-container\">\n\t\t\t\t\t\t\t\t\t<p>I <strong>LUOGHI<\/strong> sono utilizzati per:<br \/>spiagge, citt\u00e0 e localit\u00e0 senza un indirizzo specifico. Questi luoghi possono essere visitati. Nella maggior parte dei casi un luogo non ha un proprietario.  <\/p>\n\t\t\t\t\t\t\t\t<\/div>\n\t\t\t\t<\/div>\n\t\t\t\t<div class=\"elementor-element elementor-element-afa97f5 elementor-align-center elementor-widget elementor-widget-button\" data-id=\"afa97f5\" data-element_type=\"widget\" data-e-type=\"widget\" data-widget_type=\"button.default\">\n\t\t\t\t<div class=\"elementor-widget-container\">\n\t\t\t\t\t\t\t\t\t<div class=\"elementor-button-wrapper\">\n\t\t\t\t\t<a class=\"elementor-button elementor-button-link elementor-size-sm\" href=\"https:\/\/lemarche.guide\/it\/aggiungi-annuncio-luogo\/\">\n\t\t\t\t\t\t<span class=\"elementor-button-content-wrapper\">\n\t\t\t\t\t\t\t\t\t<span class=\"elementor-button-text\">AGGIUNGI POSTO<\/span>\n\t\t\t\t\t<\/span>\n\t\t\t\t\t<\/a>\n\t\t\t\t<\/div>\n\t\t\t\t\t\t\t\t<\/div>\n\t\t\t\t<\/div>\n\t\t\t\t\t<\/div>\n\t\t\t\t<\/div>\n\t\t<div class=\"elementor-element elementor-element-07c7b45 e-flex e-con-boxed e-con e-child\" data-id=\"07c7b45\" data-element_type=\"container\" data-e-type=\"container\">\n\t\t\t\t\t<div class=\"e-con-inner\">\n\t\t\t\t<div class=\"elementor-element elementor-element-07ded95 elementor-widget elementor-widget-text-editor\" data-id=\"07ded95\" data-element_type=\"widget\" data-e-type=\"widget\" data-widget_type=\"text-editor.default\">\n\t\t\t\t<div class=\"elementor-widget-container\">\n\t\t\t\t\t\t\t\t\t<p>Gli <strong>EVENTI<\/strong> sono utilizzati per:<br \/>eventi locali che si svolgono. Hanno una data e un&#8217;ora e sono organizzati su un determinato luogo.<\/p>\n\t\t\t\t\t\t\t\t<\/div>\n\t\t\t\t<\/div>\n\t\t\t\t<div class=\"elementor-element elementor-element-711d1ce elementor-align-center elementor-widget elementor-widget-button\" data-id=\"711d1ce\" data-element_type=\"widget\" data-e-type=\"widget\" data-widget_type=\"button.default\">\n\t\t\t\t<div class=\"elementor-widget-container\">\n\t\t\t\t\t\t\t\t\t<div class=\"elementor-button-wrapper\">\n\t\t\t\t\t<a class=\"elementor-button elementor-button-link elementor-size-sm\" href=\"https:\/\/lemarche.guide\/it\/aggiungi-annuncio-evento\/\">\n\t\t\t\t\t\t<span class=\"elementor-button-content-wrapper\">\n\t\t\t\t\t\t\t\t\t<span class=\"elementor-button-text\">AGGIUNGI EVENTO<\/span>\n\t\t\t\t\t<\/span>\n\t\t\t\t\t<\/a>\n\t\t\t\t<\/div>\n\t\t\t\t\t\t\t\t<\/div>\n\t\t\t\t<\/div>\n\t\t\t\t\t<\/div>\n\t\t\t\t<\/div>\n\t\t\t\t\t<\/div>\n\t\t\t\t<\/div>\n\t\t\t\t\t<\/div>\n\t\t\t\t<\/div>\n\t\t<div class=\"elementor-element elementor-element-536072e0 e-flex e-con-boxed e-con e-parent\" data-id=\"536072e0\" data-element_type=\"container\" data-e-type=\"container\">\n\t\t\t\t\t<div class=\"e-con-inner\">\n\t\t<div class=\"elementor-element elementor-element-7b055c7c e-con-full e-flex e-con e-child\" data-id=\"7b055c7c\" data-element_type=\"container\" data-e-type=\"container\">\n\t\t\t\t<div class=\"elementor-element elementor-element-6ee2dd2e elementor-widget elementor-widget-text-editor\" data-id=\"6ee2dd2e\" data-element_type=\"widget\" data-e-type=\"widget\" data-widget_type=\"text-editor.default\">\n\t\t\t\t<div class=\"elementor-widget-container\">\n\t\t\t\t\t\t\t\t\t<div class=\"wp-block-geodirectory-geodir-widget-notifications\"><\/div>\n<div class=\"wp-block-geodirectory-geodir-widget-add-listing\"><div class=\"geodir-add-listing bsui sdel-c9633df1\" ><div class=\"alert alert-info \" role=\"alert\" ><i class=\"fas fa-info-circle\"><\/i> \u00c8 necessario l&#8217;accesso per pubblicare.<\/div><br \/><div class='gd-login-links'><a class=\"login-link uwp-login-link btn btn-primary\" href=\"https:\/\/lemarche.guide\/it\/accesso\/?redirect_to=https%3A%2F%2Flemarche.guide%2Fit%2Fwp-json%2Fwp%2Fv2%2Fpages%2F3146\" title=\"Accedi\" rel=\"nofollow\">Accedi<\/a><a class=\"register-link uwp-register-link btn btn-outline-primary ms-2 ms-2\" href=\"https:\/\/lemarche.guide\/it\/registro\/\" title=\"Iscriviti\" rel=\"nofollow\">Iscriviti<\/a><\/div><\/div><\/div>\n\t\t\t\t\t\t\t\t<\/div>\n\t\t\t\t<\/div>\n\t\t\t\t<\/div>\n\t\t\t\t\t<\/div>\n\t\t\t\t<\/div>\n\t\t\t\t<\/div>\n\t\t","protected":false},"excerpt":{"rendered":"<p>Aggiungere un nuovo elenco o luogo Gli elenchi sono utilizzati per:negozi, ristoranti, bar, organizzazioni, servizi e altro ancora. Le inserzioni hanno per lo pi\u00f9 un proprietario e hanno 1 o pi\u00f9 indirizzi su un luogo fisico che \u00e8 possibile visitare. AGGIUNGI L&#8217;ELENCO I LUOGHI sono utilizzati per:spiagge, citt\u00e0 e localit\u00e0 senza un indirizzo specifico. Questi [&hellip;]<\/p>\n","protected":false},"author":2,"featured_media":0,"parent":0,"menu_order":0,"comment_status":"closed","ping_status":"closed","template":"elementor_header_footer","meta":{"site-sidebar-layout":"no-sidebar","site-content-layout":"page-builder","ast-site-content-layout":"full-width-container","site-content-style":"unboxed","site-sidebar-style":"unboxed","ast-global-header-display":"","ast-banner-title-visibility":"","ast-main-header-display":"","ast-hfb-above-header-display":"","ast-hfb-below-header-display":"","ast-hfb-mobile-header-display":"","site-post-title":"disabled","ast-breadcrumbs-content":"","ast-featured-img":"disabled","footer-sml-layout":"","ast-disable-related-posts":"","theme-transparent-header-meta":"","adv-header-id-meta":"","stick-header-meta":"","header-above-stick-meta":"","header-main-stick-meta":"","header-below-stick-meta":"","astra-migrate-meta-layouts":"default","ast-page-background-enabled":"default","ast-page-background-meta":{"desktop":{"background-color":"","background-image":"","background-repeat":"repeat","background-position":"center center","background-size":"auto","background-attachment":"scroll","background-type":"","background-media":"","overlay-type":"","overlay-color":"","overlay-opacity":"","overlay-gradient":""},"tablet":{"background-color":"","background-image":"","background-repeat":"repeat","background-position":"center center","background-size":"auto","background-attachment":"scroll","background-type":"","background-media":"","overlay-type":"","overlay-color":"","overlay-opacity":"","overlay-gradient":""},"mobile":{"background-color":"","background-image":"","background-repeat":"repeat","background-position":"center center","background-size":"auto","background-attachment":"scroll","background-type":"","background-media":"","overlay-type":"","overlay-color":"","overlay-opacity":"","overlay-gradient":""}},"ast-content-background-meta":{"desktop":{"background-color":"var(--ast-global-color-5)","background-image":"","background-repeat":"repeat","background-position":"center center","background-size":"auto","background-attachment":"scroll","background-type":"","background-media":"","overlay-type":"","overlay-color":"","overlay-opacity":"","overlay-gradient":""},"tablet":{"background-color":"var(--ast-global-color-5)","background-image":"","background-repeat":"repeat","background-position":"center center","background-size":"auto","background-attachment":"scroll","background-type":"","background-media":"","overlay-type":"","overlay-color":"","overlay-opacity":"","overlay-gradient":""},"mobile":{"background-color":"var(--ast-global-color-5)","background-image":"","background-repeat":"repeat","background-position":"center center","background-size":"auto","background-attachment":"scroll","background-type":"","background-media":"","overlay-type":"","overlay-color":"","overlay-opacity":"","overlay-gradient":""}},"footnotes":""},"class_list":["post-3146","page","type-page","status-publish","hentry"],"ams_acf":[],"_links":{"self":[{"href":"https:\/\/lemarche.guide\/it\/wp-json\/wp\/v2\/pages\/3146","targetHints":{"allow":["GET"]}}],"collection":[{"href":"https:\/\/lemarche.guide\/it\/wp-json\/wp\/v2\/pages"}],"about":[{"href":"https:\/\/lemarche.guide\/it\/wp-json\/wp\/v2\/types\/page"}],"author":[{"embeddable":true,"href":"https:\/\/lemarche.guide\/it\/wp-json\/wp\/v2\/users\/2"}],"replies":[{"embeddable":true,"href":"https:\/\/lemarche.guide\/it\/wp-json\/wp\/v2\/comments?post=3146"}],"version-history":[{"count":0,"href":"https:\/\/lemarche.guide\/it\/wp-json\/wp\/v2\/pages\/3146\/revisions"}],"wp:attachment":[{"href":"https:\/\/lemarche.guide\/it\/wp-json\/wp\/v2\/media?parent=3146"}],"curies":[{"name":"wp","href":"https:\/\/api.w.org\/{rel}","templated":true}]}}